{"id":33,"date":"2022-03-18T10:08:42","date_gmt":"2022-03-18T09:08:42","guid":{"rendered":"https:\/\/npd-finanzen.biz\/?page_id=33"},"modified":"2023-06-15T09:56:44","modified_gmt":"2023-06-15T08:56:44","slug":"impressum","status":"publish","type":"page","link":"https:\/\/finanzen.die-heimat.de\/index.php\/impressum\/","title":{"rendered":"Impressum"},"content":{"rendered":"\n<h5 class=\"wp-block-heading\"><strong>Herausgeber&nbsp;<\/strong><\/h5>\n\n\n\n<p>DIE HEIMAT,<br>Partei lt. Parteiengesetz, Registriert beim Bundeswahlleiter<\/p>\n\n\n\n<h5 class=\"wp-block-heading\"><strong>Redaktion, inhaltlich Verantwortlicher gem\u00e4\u00df \u00a7 5 TMG<\/strong><\/h5>\n\n\n\n<p>Frank Franz, Seelenbinderstr. 42, 12555 Berlin, Tel.: 030 \/ 650 11 0, Fax: 030 \/ 650 11 140<br>E-Post: bgst@die-heimat.de<\/p>\n\n\n\n<h5 class=\"wp-block-heading\"><strong>Verantwortlicher Vorsitzender (i.V.)<\/strong><\/h5>\n\n\n\n<p>Frank Franz, Seelenbinderstr. 42, 12555 Berlin, Tel.: 030 \/ 650 11 0, Fax: 030 \/ 650 11 140<\/p>\n\n\n\n<h5 class=\"wp-block-heading\"><strong>Haftung f\u00fcr Inhalte<\/strong><\/h5>\n\n\n\n<p>Die Inhalte unserer Seiten wurden mit gr\u00f6\u00dfter Sorgfalt erstellt. F\u00fcr die Richtigkeit, Vollst\u00e4ndigkeit und Aktualit\u00e4t der Inhalte k\u00f6nnen wir jedoch keine Gew\u00e4hr \u00fcbernehmen.<\/p>\n\n\n\n<p>Als Diensteanbieter sind wir gem\u00e4\u00df \u00a7 7 Abs.1 TMG f\u00fcr eigene Inhalte auf diesen Seiten nach den allgemeinen Gesetzen verantwortlich. Nach \u00a7\u00a7 8 bis 10 TMG sind wir als Diensteanbieter jedoch nicht verpflichtet, \u00fcbermittelte oder gespeicherte fremde Informationen zu \u00fcberwachen oder nach Umst\u00e4nden zu forschen, die auf eine rechtswidrige T\u00e4tigkeit hinweisen. Verpflichtungen zur Entfernung oder Sperrung der Nutzung von Informationen nach den allgemeinen Gesetzen bleiben hiervon unber\u00fchrt. Eine diesbez\u00fcgliche Haftung ist jedoch erst ab dem Zeitpunkt der Kenntnis einer konkreten Rechtsverletzung m\u00f6glich. Bei bekannt werden von entsprechenden Rechtsverletzungen werden wir diese Inhalte umgehend entfernen.<br>F\u00fcr Beitr\u00e4ge, die mit vollem Namen gekennzeichnet sind, tragen allein die Autoren die Verantwortung. Die mit Namen oder Signum gekennzeichneten Artikel stellen die Meinung der Autoren, nicht aber in jedem Fall die der Redaktion dar. F\u00fcr unverlangt eingesandte Manuskripte, Bilder usw. wird keine Haftung \u00fcbernommen. F\u00fcr die in unserem Archiv gesammelten Meldungen, Berichte, Informationen, Kommentare und Pressemitteilungen gilt in presserechtlicher Hinsicht das angegebene Datum als Erscheinungsvermerk. Die Inhalte beziehen sich daher auf diesen zeitlichen Rahmen. Inzwischen k\u00f6nnen die dort wiedergegebenen Ansichten und Tatsachenbehauptungen unzutreffend geworden sein. Dieses Archiv dient daher der retrospektiven Information. Die Vervielf\u00e4ltigung zur kommerziellen oder au\u00dferparteilichen Nutzung bedarf der ausdr\u00fccklichen Genehmigung durch die Redaktion des Parteivorstandes von DIE HEIMAT. Das Recht zum Zitat bleibt von dieser Regelung unber\u00fchrt<\/p>\n\n\n\n<p>Bei Zitaten sowie Artikeln aus: Zeitschriften, Zeitungen, Pressediensten, Funk, Fernsehen, fremder Weltnetzseiten oder anderer Personen geben wir keinerlei Meinungs\u00e4u\u00dferung o.g. Quellen wieder. Es geht uns lediglich um die Information zur Meinungsbildung. Wir sind lt. Presse- und Urhebergesetz dazu verpflichtet, den Urheber dieser Meldung bzw. des Artikels anzugeben. F\u00fcr den Wahrheitsgehalt dieser Informationen verweisen wir ausdr\u00fccklich auf die (nachpr\u00fcfbare) Quelle. Soweit es sich hierbei um fremde Weltnetzseiten bzw. Verweise hierauf handelt, k\u00f6nnen wir keine Garantie f\u00fcr das dauernde Vorhandensein der Inhalte geben.<\/p>\n\n\n\n<h5 class=\"wp-block-heading\"><strong>Haftung f\u00fcr Links<\/strong><\/h5>\n\n\n\n<p>Unser Angebot enth\u00e4lt Links zu externen Webseiten Dritter, auf deren Inhalte wir keinen Einfluss haben. Deshalb k\u00f6nnen wir f\u00fcr diese fremden Inhalte auch keine Gew\u00e4hr \u00fcbernehmen. F\u00fcr die Inhalte der verlinkten Seiten ist stets der jeweilige Anbieter oder Betreiber der Seiten verantwortlich. Die verlinkten Seiten wurden zum Zeitpunkt der Verlinkung auf m\u00f6gliche Rechtsverst\u00f6\u00dfe \u00fcberpr\u00fcft. Rechtswidrige Inhalte waren zum Zeitpunkt der Verlinkung nicht erkennbar. Eine permanente inhaltliche Kontrolle der verlinkten Seiten ist jedochohne konkrete Anhaltspunkte einer Rechtsverletzung nicht zumutbar. Bei bekannt werden von Rechtsverletzungen werden wir derartige Links umgehend entfernen.<\/p>\n\n\n\n<h5 class=\"wp-block-heading\"><strong>Urheberrecht<\/strong><\/h5>\n\n\n\n<p>Die durch die Seitenbetreiber erstellten Inhalte und Werke auf diesen Seiten unterliegen dem deutschen Urheberrecht. Beitr\u00e4ge Dritter sind als solche gekennzeichnet. Die Vervielf\u00e4ltigung, Bearbeitung, Verbreitung und jede Art der Verwertung au\u00dferhalb der Grenzen des Urheberrechtes bed\u00fcrfen der schriftlichen Zustimmung des jeweiligen Autors bzw. Erstellers. Downloads und Kopien dieser Seite sind nur f\u00fcr den privaten, nicht kommerziellen Gebrauch gestattet.<br>Die Betreiber der Seiten sind bem\u00fcht, stets die Urheberrechte anderer zu beachten bzw. auf selbst erstellte sowie lizenzfreie Werke zur\u00fcckzugreifen.<\/p>\n\n\n\n<p>S\u00e4mtliche hier genannten Namen, Marken und Warenzeichen, auch wenn nicht ausdr\u00fccklich als solche gekennzeichnet (\u2122\u00a9\u00ae), sind Eigentum der\/des jeweiligen Inhaber\/s.<\/p>\n","protected":false},"excerpt":{"rendered":"<p>Herausgeber&nbsp; DIE HEIMAT,Partei lt. Parteiengesetz, Registriert beim Bundeswahlleiter Redaktion, inhaltlich Verantwortlicher gem\u00e4\u00df \u00a7 5 TMG Frank Franz, Seelenbinderstr. 42, 12555 Berlin, Tel.: 030 \/ 650 11 0, Fax: 030 \/ 650 11 140E-Post: bgst@die-heimat.de Verantwortlicher Vorsitzender (i.V.) Frank Franz, Seelenbinderstr. 42, 12555 Berlin, Tel.: 030 \/ 650 11 0, Fax: 030 \/ 650 11 140 &hellip; <a href=\"https:\/\/finanzen.die-heimat.de\/index.php\/impressum\/\" class=\"more-link\"><span class=\"screen-reader-text\">\u201eImpressum\u201c <\/span>weiterlesen<\/a><\/p>\n","protected":false},"author":1,"featured_media":0,"parent":0,"menu_order":0,"comment_status":"closed","ping_status":"closed","template":"","meta":{"footnotes":""},"class_list":["post-33","page","type-page","status-publish","hentry"],"_links":{"self":[{"href":"https:\/\/finanzen.die-heimat.de\/index.php\/wp-json\/wp\/v2\/pages\/33","targetHints":{"allow":["GET"]}}],"collection":[{"href":"https:\/\/finanzen.die-heimat.de\/index.php\/wp-json\/wp\/v2\/pages"}],"about":[{"href":"https:\/\/finanzen.die-heimat.de\/index.php\/wp-json\/wp\/v2\/types\/page"}],"author":[{"embeddable":true,"href":"https:\/\/finanzen.die-heimat.de\/index.php\/wp-json\/wp\/v2\/users\/1"}],"replies":[{"embeddable":true,"href":"https:\/\/finanzen.die-heimat.de\/index.php\/wp-json\/wp\/v2\/comments?post=33"}],"version-history":[{"count":2,"href":"https:\/\/finanzen.die-heimat.de\/index.php\/wp-json\/wp\/v2\/pages\/33\/revisions"}],"predecessor-version":[{"id":160,"href":"https:\/\/finanzen.die-heimat.de\/index.php\/wp-json\/wp\/v2\/pages\/33\/revisions\/160"}],"wp:attachment":[{"href":"https:\/\/finanzen.die-heimat.de\/index.php\/wp-json\/wp\/v2\/media?parent=33"}],"curies":[{"name":"wp","href":"https:\/\/api.w.org\/{rel}","templated":true}]}}