{"id":25,"date":"2022-03-18T09:28:31","date_gmt":"2022-03-18T08:28:31","guid":{"rendered":"https:\/\/npd-finanzen.biz\/?page_id=25"},"modified":"2023-07-04T14:24:51","modified_gmt":"2023-07-04T13:24:51","slug":"rb-einsenden","status":"publish","type":"page","link":"https:\/\/finanzen.die-heimat.de\/","title":{"rendered":"Rechenschaftsbericht einsenden"},"content":{"rendered":"\n<p>Hier k\u00f6nnen Sie Ihren ausgef\u00fcllten Rechenschaftsbericht eines DIE HEIMAT-Verbandes elektronisch \u00fcbermitteln. Ihre Daten werden TLS-verschl\u00fcsselt an den Server \u00fcbertragen und von dort automatisch an die Schatzmeister weitergeleitet.<\/p>\n\n\n\n<p>Alternativ k\u00f6nnen die ausgef\u00fcllten Berichte per E-Post an Stefan K\u00f6ster geschickt werden. In diesem Fall <strong>m\u00fcssen die Berichte mit PGP verschl\u00fcsselt<\/strong> werden! <\/p>\n\n\n\n<p>E-Post-Adresse:  <a href=\"mailto:finanzen@die-heimat.de\">finanzen@die-heimat.de<\/a><br>PGP-Schl\u00fcssel:  <a href=\"https:\/\/finanzen.die-heimat.de\/wp-content\/uploads\/2022\/03\/0x319384D81C0513BF.asc\" data-type=\"URL\" target=\"_blank\" rel=\"noreferrer noopener\">0x319384D81C0513BF.asc<\/a><br>S\/MIME-Zertifikat: <a href=\"https:\/\/finanzen.die-heimat.de\/wp-content\/uploads\/2023\/07\/finanzen@die-heimat.de.p7b\">finanzen@die-heimat.de<\/a><\/p>\n\n\n\n<h2 class=\"wp-block-heading\">Rechenschaftsbericht verschl\u00fcsselt absenden<\/h2>\n\n\n\n<p><em>Bitte alle mit Stern * gekennzeichneten Felder ausf\u00fcllen!<\/em><br><em>Hinweis: Es werden nur zeitgem\u00e4\u00dfe Datei-Formate unterst\u00fctzt. Die alten .doc- und .xls-Dateien k\u00f6nnen aus sicherheitsgr\u00fcnden NICHT mehr verwendet werden. Bitte verwenden Sie stattdessen .docx, .odt, .xlsx, .ods oder .pdf-Dateien. <\/em><\/p>\n\n\n\n<div class=\"wpcf7 no-js\" id=\"wpcf7-f21-o1\" lang=\"de-DE\" dir=\"ltr\" data-wpcf7-id=\"21\">\n<div class=\"screen-reader-response\"><p role=\"status\" aria-live=\"polite\" aria-atomic=\"true\"><\/p> <ul><\/ul><\/div>\n<form action=\"\/index.php\/wp-json\/wp\/v2\/pages\/25#wpcf7-f21-o1\" method=\"post\" class=\"wpcf7-form init\" aria-label=\"Kontaktformular\" enctype=\"multipart\/form-data\" novalidate=\"novalidate\" data-status=\"init\">\n<fieldset class=\"hidden-fields-container\"><input type=\"hidden\" name=\"_wpcf7\" value=\"21\" \/><input type=\"hidden\" name=\"_wpcf7_version\" value=\"6.1.4\" \/><input type=\"hidden\" name=\"_wpcf7_locale\" value=\"de_DE_formal\" \/><input type=\"hidden\" name=\"_wpcf7_unit_tag\" value=\"wpcf7-f21-o1\" \/><input type=\"hidden\" name=\"_wpcf7_container_post\" value=\"0\" \/><input type=\"hidden\" name=\"_wpcf7_posted_data_hash\" value=\"\" \/>\n<\/fieldset>\n<p><label> Name des Verbands*<br \/>\n<span class=\"wpcf7-form-control-wrap\" data-name=\"your-name\"><input size=\"40\" maxlength=\"400\" class=\"wpcf7-form-control wpcf7-text wpcf7-validates-as-required\" aria-required=\"true\" aria-invalid=\"false\" value=\"\" type=\"text\" name=\"your-name\" \/><\/span> <\/label>\n<\/p>\n<p><label> Verbands- \/ Ordnungsnummer:<br \/>\n<span class=\"wpcf7-form-control-wrap\" data-name=\"your-number\"><input size=\"40\" maxlength=\"400\" class=\"wpcf7-form-control wpcf7-text\" aria-invalid=\"false\" value=\"\" type=\"text\" name=\"your-number\" \/><\/span> <\/label>\n<\/p>\n<p><label> Ihre E-Mail-Adresse*<br \/>\n<span class=\"wpcf7-form-control-wrap\" data-name=\"your-email\"><input size=\"40\" maxlength=\"400\" class=\"wpcf7-form-control wpcf7-email wpcf7-validates-as-required wpcf7-text wpcf7-validates-as-email\" aria-required=\"true\" aria-invalid=\"false\" value=\"\" type=\"email\" name=\"your-email\" \/><\/span> <\/label>\n<\/p>\n<p><label> W\u00e4hlen Sie hier den Rechenschaftsbericht zum Hochladen aus*<br \/>\n<span class=\"wpcf7-form-control-wrap\" data-name=\"file-184\"><input size=\"40\" class=\"wpcf7-form-control wpcf7-file wpcf7-validates-as-required\" accept=\".pdf,.docx,.jpg,.jpeg,.png,.xlsx,.ods,.odf,.zip,.rar,.7z\" aria-required=\"true\" aria-invalid=\"false\" type=\"file\" name=\"file-184\" \/><\/span> <\/label>\n<\/p>\n<p><label> Hinweise \/ Informationen: (optional)<br \/>\n<span class=\"wpcf7-form-control-wrap\" data-name=\"your-message\"><textarea cols=\"40\" rows=\"10\" maxlength=\"2000\" class=\"wpcf7-form-control wpcf7-textarea\" aria-invalid=\"false\" name=\"your-message\"><\/textarea><\/span> <\/label>\n<\/p>\n<p><span class=\"wpcf7-form-control-wrap kc_captcha\" data-name=\"kc_captcha\"><span class=\"wpcf7-form-control wpcf7-radio\"><span class=\"captcha-image\" ><span class=\"cf7ic_instructions\">Bitte beweisen Sie, dass Sie kein Spambot sind und w\u00e4hlen Sie das Symbol<span> Flugzeug<\/span>.<\/span><label><input aria-label=\"1\" type=\"radio\" name=\"kc_captcha\" value=\"bot\" \/><svg aria-hidden=\"true\" role=\"img\" xmlns=\"http:\/\/www.w3.org\/2000\/svg\" viewBox=\"0 0 640 512\"><path fill=\"currentColor\" d=\"M192 384h192c53 0 96-43 96-96h32a128 128 0 000-256H120c-13 0-24 11-24 24v232c0 53 43 96 96 96zM512 96a64 64 0 010 128h-32V96h32zm48 384H48c-47 0-61-64-36-64h584c25 0 11 64-36 64z\"\/><\/svg><\/label><label><input aria-label=\"2\" type=\"radio\" name=\"kc_captcha\" value=\"bot\" \/><svg aria-hidden=\"true\" role=\"img\" xmlns=\"http:\/\/www.w3.org\/2000\/svg\" viewBox=\"0 0 384 512\"><path fill=\"currentColor\" d=\"M377 375l-83-87h34c21 0 32-25 17-40l-82-88h33c21 0 32-25 18-40L210 8c-10-11-26-11-36 0L70 120c-14 15-3 40 18 40h33l-82 88c-15 15-4 40 17 40h34L7 375c-15 16-4 41 17 41h120c0 33-11 49-34 68-12 9-5 28 10 28h144c15 0 22-19 10-28-20-16-34-32-34-68h120c21 0 32-25 17-41z\"\/><\/svg><\/label><label><input aria-label=\"3\" type=\"radio\" name=\"kc_captcha\" value=\"kc_human\" \/><svg aria-hidden=\"true\" role=\"img\" xmlns=\"http:\/\/www.w3.org\/2000\/svg\" viewBox=\"0 0 576 512\"><path fill=\"currentColor\" d=\"M472 200H360L256 6a12 12 0 00-10-6h-58c-8 0-14 7-12 15l34 185H100l-35-58a12 12 0 00-10-6H12c-8 0-13 7-12 14l21 106L0 362c-1 7 4 14 12 14h43c4 0 8-2 10-6l35-58h110l-34 185c-2 8 4 15 12 15h58a12 12 0 0010-6l104-194h112c57 0 104-25 104-56s-47-56-104-56z\"\/><\/svg><\/label>\r\n    <\/span>\r\n    <span style=\"display:none\">\r\n        <input type=\"text\" name=\"kc_honeypot\">\r\n    <\/span><\/span><\/span>\n<\/p>\n<p>Mit dem Absenden des Rechenschaftsbericht best\u00e4tige ich, die Datenschutzerkl\u00e4rung zur Kenntnis genommen zu haben.\n<\/p>\n<p><input class=\"wpcf7-form-control wpcf7-submit has-spinner\" type=\"submit\" value=\"Dokument absenden!\" \/>\n<\/p><div class=\"wpcf7-response-output\" aria-hidden=\"true\"><\/div>\n<\/form>\n<\/div>\n\n\n\n\n<p><\/p>\n","protected":false},"excerpt":{"rendered":"<p>Hier k\u00f6nnen Sie Ihren ausgef\u00fcllten Rechenschaftsbericht eines DIE HEIMAT-Verbandes elektronisch \u00fcbermitteln. Ihre Daten werden TLS-verschl\u00fcsselt an den Server \u00fcbertragen und von dort automatisch an die Schatzmeister weitergeleitet. Alternativ k\u00f6nnen die ausgef\u00fcllten Berichte per E-Post an Stefan K\u00f6ster geschickt werden. In diesem Fall m\u00fcssen die Berichte mit PGP verschl\u00fcsselt werden! E-Post-Adresse: finanzen@die-heimat.dePGP-Schl\u00fcssel: 0x319384D81C0513BF.ascS\/MIME-Zertifikat: finanzen@die-heimat.de Rechenschaftsbericht verschl\u00fcsselt &hellip; <a href=\"https:\/\/finanzen.die-heimat.de\/\" class=\"more-link\"><span class=\"screen-reader-text\">\u201eRechenschaftsbericht einsenden\u201c <\/span>weiterlesen<\/a><\/p>\n","protected":false},"author":1,"featured_media":0,"parent":0,"menu_order":0,"comment_status":"closed","ping_status":"closed","template":"","meta":{"footnotes":""},"class_list":["post-25","page","type-page","status-publish","hentry"],"_links":{"self":[{"href":"https:\/\/finanzen.die-heimat.de\/index.php\/wp-json\/wp\/v2\/pages\/25","targetHints":{"allow":["GET"]}}],"collection":[{"href":"https:\/\/finanzen.die-heimat.de\/index.php\/wp-json\/wp\/v2\/pages"}],"about":[{"href":"https:\/\/finanzen.die-heimat.de\/index.php\/wp-json\/wp\/v2\/types\/page"}],"author":[{"embeddable":true,"href":"https:\/\/finanzen.die-heimat.de\/index.php\/wp-json\/wp\/v2\/users\/1"}],"replies":[{"embeddable":true,"href":"https:\/\/finanzen.die-heimat.de\/index.php\/wp-json\/wp\/v2\/comments?post=25"}],"version-history":[{"count":12,"href":"https:\/\/finanzen.die-heimat.de\/index.php\/wp-json\/wp\/v2\/pages\/25\/revisions"}],"predecessor-version":[{"id":178,"href":"https:\/\/finanzen.die-heimat.de\/index.php\/wp-json\/wp\/v2\/pages\/25\/revisions\/178"}],"wp:attachment":[{"href":"https:\/\/finanzen.die-heimat.de\/index.php\/wp-json\/wp\/v2\/media?parent=25"}],"curies":[{"name":"wp","href":"https:\/\/api.w.org\/{rel}","templated":true}]}}