{"id":129,"date":"2022-04-24T11:14:31","date_gmt":"2022-04-24T10:14:31","guid":{"rendered":"https:\/\/npd-finanzen.biz\/?page_id=129"},"modified":"2025-07-22T22:01:26","modified_gmt":"2025-07-22T21:01:26","slug":"formulare","status":"publish","type":"page","link":"https:\/\/finanzen.die-heimat.de\/index.php\/formulare\/","title":{"rendered":"DIE HEIMAT- und JN-Formulare &#038; Dokumente"},"content":{"rendered":"\n<p><strong>Auf dieser Internetseite finden Sie Formulare f\u00fcr Schatzmeister wie:<\/strong><\/p>\n\n\n\n<ul class=\"wp-block-list\">\n<li>PVN, die monatlich erstellt werden m\u00fcssen,<\/li>\n\n\n\n<li>Reisekostenabrechnungen und Abrechnung Wahlkampfhelfer,<\/li>\n\n\n\n<li>Kassenpr\u00fcfung,<\/li>\n\n\n\n<li>Aufnahmeantrag (neue Version 2019),<\/li>\n\n\n\n<li>Antrag auf Beitragserm\u00e4\u00dfigung, Lastschriftmandat, Dauerauftrag,<\/li>\n\n\n\n<li>Vordruck Steuererkl\u00e4rung,<\/li>\n\n\n\n<li>Spendenbescheinigungen,<\/li>\n\n\n\n<li>Anleitungen,<\/li>\n\n\n\n<li>Formular Rechenschaftsbericht, das Anfang jeden Jahres f\u00fcr das zur\u00fcckliegende Jahr ausgef\u00fcllt werden mu\u00df.<\/li>\n<\/ul>\n\n\n\n<p><strong>Des Weiteren sind hier Formulare f\u00fcr Orgleiter und Vorsitzende,<\/strong><br>wie Briefpapier, Vorstandsliste, Antrag Versammlungen, Satzungen usw. abrufbar.<br><br><strong>Anleitung Rechenschaftsbericht:<\/strong><br>Landes-, Kreis- und Bezirksverb\u00e4nde f\u00fcllen das Formular Rechenschafts\u00adbericht.xls mittels Excel, Works oder OpenOffice aus. Das Formular kann hier heruntergeladen werden.<br>Bitte versenden Sie den Bericht zuerst elektronisch (mit Hilfe dieser Internetseite) und erst zwei Wochen sp\u00e4ter als unterschriebener Papierausdruck an den Landes- und Bundesverband. So kann der Bericht vorab gepr\u00fcft werden und der postalische Versand erfolgt im Fehlerfall erst nach der Korrektur.<br>Verb\u00e4nde, die die Unterlagen zum Wirtschaftspr\u00fcfer senden m\u00fcssen (das sind alle Landesverb\u00e4nde und 10 Kreisverb\u00e4nde), versenden diese nicht, solange die Berichte noch fehlerhaft sind. <strong>Verb\u00e4nde, die fehlerhafte oder unvollst\u00e4ndige Unterlagen zum Wirtschaftspr\u00fcfer senden, zahlen die Mehrarbeit des Wirtschaftspr\u00fcfers selbst!<\/strong><br><br>Hinweise:<br>Im Rechenschaftsbericht sind alle Einnahmen und Ausgaben als Bruttobetr\u00e4ge aufzuf\u00fchren. <strong>Eine Vorabsaldierung von Einnahmen mit Ausgaben ist bereits seit l\u00e4ngerem nicht zul\u00e4ssig.<\/strong> Es m\u00fcssen grunds\u00e4tzlich alle Einnahmen und Ausgaben getrennt aufgef\u00fchrt werden. Siehe auch Anleitung Schatzmeister Seite&nbsp;25.<br>Kontoausz\u00fcge, die die Bank auf elektronischem Weg \u00fcbermittelt hat, m\u00fcssen nun auch 10 Jahre elektronisch aufbewahrt werden. Es reicht nicht, lediglich die ausgedruckten Ausz\u00fcge aufzubewahren (Forderung des Finanzamtes).<br><br>Kreisschatzmeister, die nicht \u00fcber einen PC verf\u00fcgen, f\u00fcllen das Formular per Hand aus und reichen dieses beim Landesschatzmeister und bei der Bundesgesch\u00e4ftsstelle ein.<br>Termin f\u00fcr die Einreichung ist sp\u00e4testens der <strong>31. M\u00e4rz 2023<\/strong> (Landes\u00adverb\u00e4nde 30.4.2023), dies gilt auch f\u00fcr die JN-Landesschatzmeister. Die JN-Kreisschatzmeister (bzw. St\u00fctzpunkte) legen lediglich den normalen Rechnungsabschlu\u00df bis zum 01.03.2023 dem zust\u00e4ndigen DIE HEIMAT-Kreisschatzmeister vor, der das JN-Ergebnis als Anlage zu seinem Rechenschaftsbericht an den PV und LV weiterleitet.<br><br>Aus gegebenem Anla\u00df nachfolgend die rechtlichen Grundlagen:<\/p>\n\n\n\n<ul class=\"wp-block-list\">\n<li>DIE HEIMAT Bundessatzung \u00a724(4): \u201eAlle Verb\u00e4nde mit eigener Finanzverwaltung haben bis zum <strong>31. M\u00e4rz<\/strong>jeden Jahres einen Rechenschafts\u00adbericht f\u00fcr das Vorjahr dem Parteivorstand zu erstatten. <strong>Dieser Bericht mu\u00df \u2026 strikt den Forderungen des Parteien\u00adgesetzes entsprechen<\/strong>\u201c.<\/li>\n\n\n\n<li>DIE HEIMAT Finanzordnung \u00a7 6: \u201eAlle Kreisverb\u00e4nde legen nach Schlu\u00df des Gesch\u00e4fts\u00adjahres den Rechenschafts\u00adbericht dem Landesverband und dem Parteivorstand vor. Termin daf\u00fcr ist der <strong>31. M\u00e4rz<\/strong> des jeweils folgenden Jahres. Die Landesverb\u00e4nde legen dem Parteivorstand ihren Rechenschaftsbericht mit den \u00fcberpr\u00fcften und zusammengestellten Rechenschaftsberichten ihrer Kreisverb\u00e4nde bis zum 30. April des Folgejahres vor.\u201c<\/li>\n\n\n\n<li>Parteiengesetz \u00a719a (3): Die Partei hat ihren Rechenschaftsbericht bis zum <strong>30. September<\/strong> (Anmerkung: Dieser Termin ist Aufgrund von Pr\u00fcfung, Urlaub und Berichtigungen nur einzuhalten, wenn im Mai alle Berichte vorliegen.) des dem Rechenschaftsjahr folgenden Jahres beim Pr\u00e4sidenten des Deutschen Bundestages einzureichen. Der Pr\u00e4sident des Deutschen Bundestages kann die Frist um bis zu drei Monate verl\u00e4ngern. Reicht eine Partei ihren Rechenschaftsbericht nicht fristgerecht ein, <strong>verliert sie endg\u00fcltig den auf Zuwendungen\u2026<\/strong><\/li>\n\n\n\n<li>Parteiengesetz \u00a723 (1): Der Rechenschaftsbericht soll vor der Zuleitung an den Pr\u00e4sidenten des Deutschen Bundestages im <strong>Vorstand der Partei beraten werden. Der Bundes\u00advorstand der Partei sowie die Vorst\u00e4nde der Landesverb\u00e4nde und die Vorst\u00e4nde der den Landesverb\u00e4nden vergleichbaren Gebietsverb\u00e4nde sind jeweils f\u00fcr ihre Rechenschaftslegung verantwortlich.<\/strong> Diese f\u00fcr die Finanz\u00adangelegenheiten zust\u00e4ndigen <strong>Vorstandsmitglieder versichern mit ihrer Unterschrift<\/strong>, dass die Angaben in ihren Rechenschafts\u00adberichten nach bestem Wissen und Gewissen wahrheitsgem\u00e4\u00df gemacht worden sind.<\/li>\n\n\n\n<li>Parteiengesetz \u00a724 (3): Die Landesverb\u00e4nde und die ihnen nach\u00adgeordneten Gebiets\u00adverb\u00e4nde haben ihren Rechenschaftsberichten eine l\u00fcckenlose Aufstellung aller Zuwendungen je Zuwender mit Namen <strong>und Anschrift<\/strong> beizuf\u00fcgen. Der Bundesverband hat diese Aufstellungen zur Ermittlung der j\u00e4hrlichen Gesamth\u00f6he der Zuwendungen je Zuwender zusammenzufassen. Die Landesverb\u00e4nde haben die Teilberichte der ihnen nachgeordneten Gebietsverb\u00e4nde gesammelt bei ihren Rechenschafts\u00adunterlagen aufzubewahren.<\/li>\n\n\n\n<li>Parteiengesetz \u00a729 (3): <strong>Der Vorstand des zu pr\u00fcfenden Gebiets\u00adverbandes hat dem Pr\u00fcfer schriftlich zu versichern, da\u00df in dem Rechenschaftsbericht alle rechenschafts\u00adpflichtigen Einnahmen, Ausgaben und Verm\u00f6genswerte erfa\u00dft sind.<\/strong><\/li>\n<\/ul>\n\n\n\n<p>Verb\u00e4nde sind selbst f\u00fcr ihre RBs verantwortlich. Verb\u00e4nde, die meinen, da\u00df diese Vorschriften f\u00fcr sie nicht g\u00fcltig sind, sollten die folgenden Vorschriften zur Kenntnis nehmen:<\/p>\n\n\n\n<ul class=\"wp-block-list\">\n<li>Der Wirtschaftspr\u00fcfer stellt den Mehraufwand f\u00fcr schlampige und z\u00f6gerliche Arbeit den Verb\u00e4nden direkt in Rechnung.<\/li>\n\n\n\n<li>DIE HEIMAT Bundessatzung \u00a724(5): \u201eVerursachen fehlerhafte Berichte von Landesverb\u00e4nden oder nach\u00adgeordneten Verb\u00e4nden Ma\u00dfnahmen zur R\u00fcckforderung der staatlichen Finanzierung durch den Bundestags\u00adpr\u00e4sidenten, so<strong> tragen diese nach dem \u201eVerursacher\u00adprinzip\u201c <\/strong>die juristischen und <strong>wirtschaftlichen Folgen.<\/strong>\u201c<\/li>\n\n\n\n<li>DIE HEIMAT Finanzordnung \u00a7 7. \u201eLandesverb\u00e4nde, die dem Partei\u00advorstand nicht bis zum 30.Juni des Folgejahres einen Rechenschaftsbericht, der den Anforderungen des Parteiengesetzes entspricht, vorgelegt haben, <strong>verwirken ihren Anspruch am innerparteilichen Finanzausgleich<\/strong> aus der staatlichen Parteienfinanzierung.\u201c<\/li>\n\n\n\n<li>Parteiengesetz \u00a738(2): <strong>Der Pr\u00e4sident des Deutschen Bundestages kann den Vorstand der Partei zur Einreichung eines Rechenschaftsberichts, der den Vorschriften des F\u00fcnften Abschnitts entspricht, durch ein Zwangsgeld anhalten. <\/strong>Die Vorschriften des Verwaltungs-Vollstreckungsgesetzes gelten sinngem\u00e4\u00df; der Pr\u00e4sident des Deutschen Bundestages handelt insoweit als Vollstreckungs- und Vollzugsbeh\u00f6rde. <strong>Die H\u00f6he des Zwangsgeldes betr\u00e4gt mindestens 500 Euro und h\u00f6chstens 10 000 Euro.<\/strong><\/li>\n<\/ul>\n\n\n\n<p>Verb\u00e4nde haben die Wahl, entweder gem\u00e4\u00df Satzung \u00a7 24 zu handeln (diese Verb\u00e4nde erhalten von mir Hilfestellungen und Berichtigungsvorschl\u00e4ge) oder sich letztendlich durch den Bundestag mit Zwangsgeldern und Vollstreckungsma\u00dfnahmen auf die Spr\u00fcnge helfen zu lassen.<\/p>\n\n\n\n<h2 class=\"wp-block-heading\">Aufnahmeantrag DIE HEIMAT<\/h2>\n\n\n\n<p><a href=\"https:\/\/finanzen.die-heimat.de\/wp-content\/uploads\/2024\/02\/Mitgliedsantrag_Heimat_zum-am-PC-ausfuellen.pdf\" target=\"_blank\" rel=\"noreferrer noopener\">Mitgliedsantrag-PDF<\/a><br><em>(PDF-Datei zum Ausf\u00fcllen)<\/em><\/p>\n\n\n\n<h2 class=\"wp-block-heading\">Satzung und Ordnungen von DIE HEIMAT<\/h2>\n\n\n\n<p><a rel=\"noreferrer noopener\" href=\"https:\/\/finanzen.die-heimat.de\/wp-content\/uploads\/2023\/07\/Satzung_HEIMAT_2023.06.03.pdf\" target=\"_blank\">Satzung_HEIMAT_2023.06.03.pdf<\/a><\/p>\n\n\n\n<p><a href=\"https:\/\/finanzen.die-heimat.de\/wp-content\/uploads\/2023\/07\/SchGO_HEIMAT_2023.06.03.pdf\">Schiedsgerichtsordnung_HEIMAT<\/a><\/p>\n\n\n\n<p><a href=\"https:\/\/finanzen.die-heimat.de\/wp-content\/uploads\/2023\/09\/GO_HEIMAT_2023.pdf\">Gesch\u00e4ftsordnung (GO)<\/a><\/p>\n\n\n\n<p><a href=\"https:\/\/finanzen.die-heimat.de\/wp-content\/uploads\/2023\/09\/Beitragsordnung-2023.pdf\">Beitragsordnung (BO)<\/a><\/p>\n\n\n\n<p><a href=\"https:\/\/finanzen.die-heimat.de\/wp-content\/uploads\/2023\/09\/Finanzausgleichsordnung-2023.pdf\">Finanzausgleichsordnung (FAusglO)<\/a><\/p>\n\n\n\n<h2 class=\"wp-block-heading\">Reisekostenabrechnung<\/h2>\n\n\n\n<p>Ausf\u00fcllbeispiel auf Seite 51 in der Anleitung Schatzmeister<\/p>\n\n\n\n<p><a href=\"https:\/\/finanzen.die-heimat.de\/wp-content\/uploads\/2023\/07\/heimat_form_reiko_20230610.pdf\" target=\"_blank\" rel=\"noreferrer noopener\">heimat_form_reiko_20230610.pdf<\/a><br><em>(PDF-Datei zum Ausf\u00fcllen)<\/em><\/p>\n\n\n\n<h2 class=\"wp-block-heading\">Rechenschaftsbericht<\/h2>\n\n\n\n<p>Ausgef\u00fcllt abzugeben bis 31.3. (KVs) bzw. 30.4. (LVs)<\/p>\n\n\n\n<p><a rel=\"noreferrer noopener\" href=\"https:\/\/finanzen.die-heimat.de\/wp-content\/uploads\/2022\/04\/rechenschaftsbericht.pdf\" target=\"_blank\">rechenschaftsbericht.pdf<\/a><br><em>(PDF-Datei zum Ausf\u00fcllen)<\/em><\/p>\n\n\n\n<p><a href=\"https:\/\/finanzen.die-heimat.de\/wp-content\/uploads\/2023\/07\/heimat_rechenschaftsbericht_20230610-1.pdf\">heimat_rechenschaftsbericht.pdf<\/a><br><em>(PDF-Datei zum Ausf\u00fcllen)<\/em><\/p>\n\n\n\n<p><a href=\"https:\/\/finanzen.die-heimat.de\/wp-content\/uploads\/2023\/07\/rechenschaftsbericht_2020.ods\" target=\"_blank\" rel=\"noreferrer noopener\">rechenschaftsbericht_2020.ods<\/a><br><em>(Open-Office-Tabelle)<\/em><\/p>\n\n\n\n<h2 class=\"wp-block-heading\">\u00dcberstellungsmeldung<\/h2>\n\n\n\n<p>\u00dcberstellungsmeldung f\u00fcr \u00dcberstellungen von Mitgliedern zu einem anderen Verband<\/p>\n\n\n\n<p><a href=\"https:\/\/finanzen.die-heimat.de\/wp-content\/uploads\/2023\/07\/heimat_form_ueb_20230610.pdf\" data-type=\"URL\" data-id=\"https:\/\/finanzen.die-heimat.de\/wp-content\/uploads\/2022\/04\/npd_form_ueb.pdf\" target=\"_blank\" rel=\"noreferrer noopener\">heimat_form_ueb_20230610.pdf<\/a><br><em>(PDF-Datei zum Ausf\u00fcllen)<\/em><\/p>\n\n\n\n<h2 class=\"wp-block-heading\">Dauerauftrag<\/h2>\n\n\n\n<p>Dauerauftrag f\u00fcr Heimat-Mitglieder, die den Beitrag per Dauerauftrag zahlen wollen<\/p>\n\n\n\n<p><a href=\"https:\/\/finanzen.die-heimat.de\/wp-content\/uploads\/2023\/07\/heimat_form_da_20230610.pdf\" target=\"_blank\" rel=\"noreferrer noopener\">heimat_form_da_20230610.pdf<\/a><br>(<em>PDF-Datei zum Ausf\u00fcllen)<\/em><\/p>\n\n\n\n<h2 class=\"wp-block-heading\">Lastschriftmandat<\/h2>\n\n\n\n<p>Lastschriftmandat zum Einzug von Mitglieds-Beitr\u00e4gen<\/p>\n\n\n\n<p><a href=\"https:\/\/finanzen.die-heimat.de\/wp-content\/uploads\/2023\/07\/heimat_form_ee_20230610.pdf\" target=\"_blank\" rel=\"noreferrer noopener\">heimat_form_ee_20230610.pdf<\/a><br>(<em>PDF-Datei zum Ausf\u00fcllen)<\/em><\/p>\n\n\n\n<h2 class=\"wp-block-heading\">PVN<\/h2>\n\n\n\n<p>(PersonalVer\u00e4nderungsNachweis)<\/p>\n\n\n\n<p><a href=\"https:\/\/finanzen.die-heimat.de\/wp-content\/uploads\/2023\/07\/heimat_pvn_20230610.pdf\" target=\"_blank\" rel=\"noreferrer noopener\">heimat_pvn_20230610.pdf<\/a><br>(<em>PDF-<\/em>Datei zum Ausf\u00fcllen)<\/p>\n\n\n\n<p><a href=\"https:\/\/finanzen.die-heimat.de\/wp-content\/uploads\/2023\/07\/heimat_pvn_bay_20230610.pdf\" target=\"_blank\" rel=\"noreferrer noopener\">heimat_pvn_bay_20230610.pdf<\/a><br><em>(PDF-Datei zum Ausf\u00fcllen (Nur f\u00fcr Bayern))<\/em><\/p>\n\n\n\n<h2 class=\"wp-block-heading\">Antrag auf Beitragserm\u00e4\u00dfigung<\/h2>\n\n\n\n<p><a href=\"https:\/\/finanzen.die-heimat.de\/wp-content\/uploads\/2023\/07\/heimat_form_erm_20230610.pdf\" target=\"_blank\" rel=\"noreferrer noopener\">heimat_form_erm_20230610.pdf<\/a><br>(<em>PDF-Datei zum Ausf\u00fcllen)<\/em><\/p>\n\n\n\n<h2 class=\"wp-block-heading\">Aufnahmeantrag JN<\/h2>\n\n\n\n<p><a href=\"https:\/\/finanzen.die-heimat.de\/wp-content\/uploads\/2025\/07\/JN_Mitgliedsantrag_2025.pdf\" target=\"_blank\" rel=\"noreferrer noopener\">JN-Mitgliedsantrag<\/a><br><em>(PDF-Datei zum Ausdrucken)<\/em><\/p>\n\n\n\n<p><\/p>\n\n\n\n<h2 class=\"wp-block-heading\">Vorstandsliste f\u00fcr DIE HEIMAT-Verb\u00e4nde<\/h2>\n\n\n\n<p><a href=\"https:\/\/finanzen.die-heimat.de\/wp-content\/uploads\/2023\/07\/heimat_vorstandsliste_20230610-1.pdf\" target=\"_blank\" rel=\"noreferrer noopener\">vorstandsliste.pdf<\/a><br>(<em>PDF-Datei zum Ausf\u00fcllen)<\/em><\/p>\n\n\n\n<h2 class=\"wp-block-heading\">Kassenpr\u00fcfung<\/h2>\n\n\n\n<p>Formular zur Kassenpr\u00fcfung<\/p>\n\n\n\n<p><a href=\"https:\/\/finanzen.die-heimat.de\/wp-content\/uploads\/2023\/07\/heimat_kassenpruefung_20230615.pdf\" target=\"_blank\" rel=\"noreferrer noopener\">heimat_kassenpruefung_20230615.pdf<\/a><br><em>(PDF-Datei zum Ausdrucken)<\/em><\/p>\n\n\n\n<h2 class=\"wp-block-heading\">Abrechnung Wahlkampfhelfer<\/h2>\n\n\n\n<p>(Zusatzblatt zur Reisekostenabrechnung) Ausf\u00fcllbeispiel auf Seite 50 in der Anleitung Schatzmeister<\/p>\n\n\n\n<p><a href=\"https:\/\/finanzen.die-heimat.de\/wp-content\/uploads\/2023\/07\/heimat_form_wk_helfer_20230610.pdf\" target=\"_blank\" rel=\"noreferrer noopener\">heimat_form_wk_helfer_20230610.pdf<\/a><br>(<em>PDF-Datei zum Ausf\u00fcllen)<\/em><\/p>\n","protected":false},"excerpt":{"rendered":"<p>Auf dieser Internetseite finden Sie Formulare f\u00fcr Schatzmeister wie: Des Weiteren sind hier Formulare f\u00fcr Orgleiter und Vorsitzende,wie Briefpapier, Vorstandsliste, Antrag Versammlungen, Satzungen usw. abrufbar. Anleitung Rechenschaftsbericht:Landes-, Kreis- und Bezirksverb\u00e4nde f\u00fcllen das Formular Rechenschafts\u00adbericht.xls mittels Excel, Works oder OpenOffice aus. Das Formular kann hier heruntergeladen werden.Bitte versenden Sie den Bericht zuerst elektronisch (mit Hilfe dieser &hellip; <a href=\"https:\/\/finanzen.die-heimat.de\/index.php\/formulare\/\" class=\"more-link\"><span class=\"screen-reader-text\">\u201eDIE HEIMAT- und JN-Formulare &#038; Dokumente\u201c <\/span>weiterlesen<\/a><\/p>\n","protected":false},"author":1,"featured_media":0,"parent":0,"menu_order":0,"comment_status":"closed","ping_status":"closed","template":"","meta":{"footnotes":""},"class_list":["post-129","page","type-page","status-publish","hentry"],"_links":{"self":[{"href":"https:\/\/finanzen.die-heimat.de\/index.php\/wp-json\/wp\/v2\/pages\/129","targetHints":{"allow":["GET"]}}],"collection":[{"href":"https:\/\/finanzen.die-heimat.de\/index.php\/wp-json\/wp\/v2\/pages"}],"about":[{"href":"https:\/\/finanzen.die-heimat.de\/index.php\/wp-json\/wp\/v2\/types\/page"}],"author":[{"embeddable":true,"href":"https:\/\/finanzen.die-heimat.de\/index.php\/wp-json\/wp\/v2\/users\/1"}],"replies":[{"embeddable":true,"href":"https:\/\/finanzen.die-heimat.de\/index.php\/wp-json\/wp\/v2\/comments?post=129"}],"version-history":[{"count":31,"href":"https:\/\/finanzen.die-heimat.de\/index.php\/wp-json\/wp\/v2\/pages\/129\/revisions"}],"predecessor-version":[{"id":228,"href":"https:\/\/finanzen.die-heimat.de\/index.php\/wp-json\/wp\/v2\/pages\/129\/revisions\/228"}],"wp:attachment":[{"href":"https:\/\/finanzen.die-heimat.de\/index.php\/wp-json\/wp\/v2\/media?parent=129"}],"curies":[{"name":"wp","href":"https:\/\/api.w.org\/{rel}","templated":true}]}}